{"id":69607,"date":"2025-04-30T16:44:26","date_gmt":"2025-04-30T14:44:26","guid":{"rendered":"https:\/\/www.albergobramante.it\/?page_id=69607"},"modified":"2025-04-30T16:44:26","modified_gmt":"2025-04-30T14:44:26","slug":"informativa-privacy","status":"publish","type":"page","link":"https:\/\/www.albergobramante.it\/de\/informativa-privacy\/","title":{"rendered":"Informativa Privacy"},"content":{"rendered":"<p><strong>Mod. ICONT \u2013 Data Agg. 04\/2025<\/strong><\/p>\n<p><strong>Informativa per il trattamento dei dati personali<\/strong><\/p>\n<p><em>Ai sensi dell\u2019Art. n. 13 del REGOLAMENTO EUROPEO N. 679\/2016<\/em><\/p>\n<p><em>Gentile Interessato,<\/em><\/p>\n<p>BRAMANTE DA GISELDA SAS DI SIMONE BORGATTA &amp; C. in qualit\u00e0 di Titolare del trattamento dei dati ai sensi dell\u2019art. n. 13 del Regolamento Europeo n. 679\/2016 \u201cGeneral Data Protection Regulation (GDPR)\u201d (d\u2019ora innanzi Regolamento UE), recante disposizioni in materia di trattamento dei dati personali, intende informala in merito al trattamento dei Suoi dati personali.<\/p>\n<p>La norma prevede che chiunque effettui trattamenti di dati personali \u00e8 tenuto ad informare il soggetto interessato in relazione ai dati trattati e agli elementi qualificanti il trattamento, che deve in ogni caso avvenire in maniera lecita, corretta e trasparente, nonch\u00e9 tutelare la riservatezza e garantire i diritti del soggetto interessato.<\/p>\n<p>Si precisa che per trattamento dei dati s\u2019intende qualsiasi operazione o complesso di operazioni concernenti la raccolta, registrazione, organizzazione, conservazione, consultazione, elaborazione, modifica, selezione, estrazione, raffronto, utilizzo, interconnessione, blocco, comunicazione, diffusione, distruzione dei dati stessi.<\/p>\n<p><strong>1.Titolare del trattamento dei dati<\/strong><\/p>\n<p>Il Titolare del trattamento dei dati \u00e8 BRAMANTE DA GISELDA SAS DI SIMONE BORGATTA &amp; C con sede legale in Piazza Barbero, 6 \u2013 14050 Roccaverano (AT), C.F. e P.I.V.A. 01592990053, contattabile ai seguenti recapiti: : telefono +39 339 3791947, e-mail: albergodelbramante@gmail.com.<\/p>\n<ol start=\"2\">\n<li><strong> Natura dei dati Trattati, Finalit\u00e0 e Base giuridica del trattamento<\/strong><\/li>\n<\/ol>\n<p><u>Natura dei dati trattati.<\/u> In relazione alle finalit\u00e0 del trattamento sotto riportate si informa che saranno trattatati unicamente \u201cdati personali comuni\u201d quali, ad esempio:<\/p>\n<ul>\n<li>dati identificativi (nome, cognome, mail etc.);<\/li>\n<\/ul>\n<p><u>\u00a0<\/u><\/p>\n<p><u>Finalit\u00e0 del trattamento.<\/u> I suoi dati personali saranno trattati per le seguenti finalit\u00e0:<\/p>\n<ol>\n<li>dare riscontro alle sue richieste: mediante compilazione, volontaria, dell\u2019apposito form che trova in questa area contatti;<\/li>\n<li>adempiere ad obblighi di legge;<\/li>\n<li>marketing: per inviarLe materiale pubblicitario, vendita diretta, compimento di ricerche di mercato e comunicazioni commerciali e promozionali;<\/li>\n<\/ol>\n<p><u>Base giuridica del trattamento.<\/u> I dati personali, per le finalit\u00e0 di cui al punto 2A e 2B saranno trattati lecitamente per adempiere ad obblighi precontrattuali e contrattuali tra noi e l\u2019utente (art.6, par.1 lett. b), per adempiere ai nostri obblighi legali (art.6 par.1 lett. c).<\/p>\n<p>I suoi dati personali, per le finalit\u00e0 di cui al punto 2C della presente informativa potranno essere trattati lecitamente esclusivamente previo suo consenso (art. 6. parag.1 lett. a Regolamento UE), specifico, separato, espresso, documentato, preventivo e del tutto facoltativo.<\/p>\n<p>Il consenso da Lei prestato potr\u00e0 essere revocato in qualsiasi momento, senza pregiudicare la liceit\u00e0 del trattamento basato sul consenso prestato prima della revoca (art.7 parag.3 Regolamento UE)<\/p>\n<p>Inoltre, si informa l\u2019interessato, che ai sensi dell\u2019art. 21 del Regolamento UE, l&#8217;interessato ha il diritto di opporsi in qualsiasi momento al trattamento dei dati personali che lo riguardano effettuato per le finalit\u00e0 di marketing diretto (compresa la profilazione) e che, qualora l&#8217;interessato si opponga al trattamento, i dati personali non potranno pi\u00f9 essere oggetto di trattamento per tali finalit\u00e0.<\/p>\n<p><u>Precisazione:<\/u> seguendo il principio di massima trasparenza nei confronti dell\u2019Interessato distintivo della nostra Azienda, desideriamo informarLa che nel caso Lei decida di prestare il consenso al <u>punto 2C<\/u> (marketing), deve essere preventivamente informato e consapevole che le finalit\u00e0 del trattamento perseguite sono di specifica natura commerciale, pubblicitaria, promozionale e di marketing in senso lato, quali:<\/p>\n<ol>\n<li>inviare materiale pubblicitario ed informativo (es. Newsletter), a carattere promozionale;<\/li>\n<li>inviare informazioni commerciali con modalit\u00e0 cartacee, automatizzate o elettroniche e, in particolare, a mezzo posta ordinaria o e-mail, telefono (es. chiamate, messaggi WhatsApp, SMS, MMS), fax e qualsiasi altro canale informatico (es. siti web, mobile app);<\/li>\n<li>inoltrare inviti a eventi, manifestazioni e a riunioni di carattere informativo e promozionale;<\/li>\n<li>inoltrare comunicazioni di aggiornamento su iniziative promozionali o su novit\u00e0 tecniche, per servizi, formazione o assistenza e\/o rilevazione del grado di soddisfazione sulla qualit\u00e0.<\/li>\n<li><strong>Destinatari dei dati e Modalit\u00e0 di trattamento Esistenza di un processo decisionale automatizzato, compresa la profilazione<\/strong><\/li>\n<\/ol>\n<p>Il trattamento dei Suoi dati personali sar\u00e0 improntato ai principi di correttezza, liceit\u00e0 e trasparenza e potr\u00e0 essere effettuato mediante strumenti cartacei ed\u00a0 elettronici sia dal personale dell\u2019Azienda scrivente, autorizzato\/incaricato al trattamento dei dati personali, sia da soggetti esterni chiamati a svolgere specifici incarichi, per conto del Titolare del trattamento, in qualit\u00e0 di Responsabili del trattamento, ai sensi dell\u2019art. 28 Regolamento UE, previa nostra lettera di incarico che imponga loro il dovere di riservatezza e sicurezza del trattamento dei dati personali, e l\u2019adozione di misure di sicurezza idonee per prevenire la perdita dei dati, usi illeciti e non corretti, ed accessi non autorizzati, nel rispetto delle vigenti disposizioni in materia di tutela dei dati personali.<\/p>\n<p>Per brevit\u00e0 la lista dettagliata di tali figure \u00e8 disponibile presso la sede del Titolare del trattamento ed \u00e8 a Sua disposizione.<\/p>\n<p>I suoi dati personali non saranno diffusi e non saranno trasferiti verso paesi terzi o organizzazioni internazionali, non saranno comunicati a terzi tranne che per obblighi di legge o di contratto<\/p>\n<p>In riferimento a quanto previsto dall\u2019Art. 13 del Regolamento UE al par. 2 lett. f) e all\u2019Art. 14 del Regolamento UE al par. 2 lett. g) si rende noto che il Titolare del trattamento allo stato attuale non ha in uso nessuno sistema o processo decisionale automatizzato.<\/p>\n<ol start=\"4\">\n<li><strong> Tempi di conservazione dei dati<\/strong><\/li>\n<\/ol>\n<p>I suoi dati personali saranno conservati per un arco di tempo non superiore al conseguimento delle finalit\u00e0 per i quale sono trattati, nel rispetto del principio di limitazione della conservazione previsto dal Regolamento UE e\/o per il tempo necessario per obblighi di legge e di contratto o fino a che non intervenga la revoca del consenso specifico da parte dell\u2019interessato e, quindi<\/p>\n<ul>\n<li>con riferimento alle finalit\u00e0 indicate nei punti 2A-2B, i dati verranno conservati per il tempo non superiore al conseguimento delle finalit\u00e0 per i quale sono trattati e\/o per il tempo strettamente necessario per l\u2019espletamento degli obblighi di legge e di contratto;<\/li>\n<li>con riferimento alle finalit\u00e0 indicate nel punto 2C, i dati trattati per finalit\u00e0 di Marketing saranno conservati non oltre i 24 mesi dalla raccolta.<\/li>\n<\/ul>\n<p>A garanzia dei tempi di conservazione dichiarati \u00e8 previsto che sia effettuata una verifica periodica a cadenza annuale sui dati trattati e sulla possibilit\u00e0 di poterli cancellare se non pi\u00f9 necessari per le finalit\u00e0 previste.<\/p>\n<p>&nbsp;<\/p>\n<ol start=\"5\">\n<li><strong> Accesso ai dati (categorie di destinatari a cui i dati possono essere comunicati)<\/strong><\/li>\n<\/ol>\n<p>Informiamo inoltre che i dati raccolti non saranno mai diffusi e non saranno oggetto di comunicazione senza Suo esplicito consenso, salvo le comunicazioni necessarie che possono comportare il trasferimento di dati ad enti pubblici, a consulenti o ad altri soggetti per l\u2019adempimento degli obblighi fiscali e di legge ovvero per l\u2019adempimento delle finalit\u00e0 (ove autorizzate), previa nostra lettera di incarico che imponga loro il dovere di riservatezza e sicurezza del trattamento dei dati personali.<\/p>\n<p>Con riferimento all\u2019art. 13, par. 1, lett. e) del Regolamento UE, si procede alla indicazione dei soggetti o delle categorie di soggetti (debitamente individuati ed istruiti) che possono venire a conoscenza dei dati personali dell\u2019utente in qualit\u00e0 di responsabili o incaricati e si fornisce di seguito apposito elenco per categorie:<\/p>\n<ul>\n<li>Soci, dipendenti, collaboratori e fornitori del Titolare del trattamento in Italia e all\u2019estero, nella loro qualit\u00e0 di incaricati\/autorizzati e\/o responsabili del trattamento (es. uffici: commerciale, tecnico, amministrativo, legale, stampa; amministratori di sistema, professionisti esterni, fornitori di servizi vari, ecc.)<\/li>\n<\/ul>\n<p>I Suoi dati personali potranno altres\u00ec essere comunicati ai soggetti esterni destinatari delle pratiche che La riguardano, nel compimento delle attivit\u00e0 e ai soggetti esterni che interagiscono con la scrivente, sempre ed esclusivamente per attivit\u00e0 funzionali alle finalit\u00e0 sopra descritte, soggetti esterni chiamati a svolgere specifici incarichi, per conto del Titolare del trattamento, in qualit\u00e0 di Responsabili del trattamento, ai sensi dell\u2019art. 28 del Regolamento UE.<\/p>\n<p>Per brevit\u00e0 la lista dettagliata di tali figure \u00e8 disponibile presso la nostra sede ed \u00e8 a Vostra disposizione.<\/p>\n<ol start=\"6\">\n<li><strong> e 7. Comunicazione e trasferimento dei dati<\/strong><\/li>\n<\/ol>\n<p>Senza la necessit\u00e0 di un espresso consenso (art. 6 par. 1, lett. b), c) e f) del Regolamento UE), il Titolare del trattamento potr\u00e0 comunicare i Suoi dati per le finalit\u00e0 di cui ai punti da 2A a 2B a organismi di vigilanza, autorit\u00e0 giudiziarie, nonch\u00e9 a quei soggetti ai quali la comunicazione sia obbligatoria per Legge per l\u2019espletamento delle finalit\u00e0 sopra indicate.<\/p>\n<p>Detti soggetti tratteranno i dati nella loro qualit\u00e0 di autonomi titolari del trattamento.<\/p>\n<p>I dati personali sono conservati su dispositivi ubicati preso la sede del Titolare del trattamento o presso provider, all\u2019interno dell\u2019Unione Europea.<\/p>\n<p>I Suoi dati non saranno diffusi.<\/p>\n<p>Per garantire la sicurezza di tali trasferimenti, ci avvaliamo solamente di soggetti che offrono le necessarie garanzie per mettere in atto misure tecniche e organizzative adeguate affinch\u00e9 il trattamento effettuato rispetti quanto previsto dal Reg. UE 679\/2016.<\/p>\n<p>Sia per quanto riguarda i dati presenti sui propri dispositivi, sia per eventuali dati presenti presso provider, il Titolare del trattamento ha messo in atto misure tecniche ed organizzative adeguate a garantire un idoneo livello di sicurezza, nel pieno rispetto di quanto indicato nel Regolamento UE.<\/p>\n<ol start=\"8\">\n<li><strong> Conseguenze della mancata comunicazione dei dati<\/strong><\/li>\n<\/ol>\n<p>I dati personali di cui ai punti 2A-2B della presente informativa sono necessari, senza tali dati ci sarebbe impossibile procedere e adempiere agli obblighi contrattuali e di legge.<\/p>\n<p>I dati personali, invece, di cui al punto 2C sono facoltativi il rifiuto di fornirli non comporter\u00e0 alcuna conseguenza e non pregiudicher\u00e0 la sua richiesta di procedere alla registrazione nonch\u00e9 di eseguire gli obblighi contrattuali e di legge. Pu\u00f2 quindi decidere di non conferire alcun dato o di negare successivamente in ogni momento la possibilit\u00e0 di trattare dati gi\u00e0 forniti.<\/p>\n<ol start=\"9\">\n<li><strong> Diritti dell\u2019interessato<\/strong><\/li>\n<\/ol>\n<p>Nella Sua qualit\u00e0 di interessato, ha i diritti di cui agli articoli da n. 15 a n. 22 del Regolamento UE di seguito riportati e precisamente ha il diritto ad:<\/p>\n<ul>\n<li>ottenere la conferma dell\u2019esistenza e del trattamento di dati personali che lo riguardano e in tal caso, ottenere l\u2019accesso ai suoi dati (cd. diritto di accesso);<\/li>\n<li>ottenere le indicazioni circa le finalit\u00e0 del trattamento, le categorie dei dati in questione, i destinatari o le categorie di destinatari cui i dati sono stati o saranno comunicati, in particolare se destinatari di paesi terzi o organizzazioni internazionali, il periodo di conservazione dei dati previsto o i criteri utilizzati per determinare tale periodo; e qualora i dati non siano raccolti presso l\u2019interessato, ottenere tutte le informazioni disponibili sulla loro origine;<\/li>\n<li>ottenere la rettifica dei dati che lo riguardano (cd. diritto di rettifica)<\/li>\n<li>ottenere la cancellazione dei dati che lo riguardano (cd. diritto all\u2019oblio);<\/li>\n<li>ottenere le limitazioni del trattamento (cd. diritto di limitazione di trattamento);<\/li>\n<li>ottenere la portabilit\u00e0 dei dati, ossia riceverli da un titolare del trattamento in un formato strutturato, di uso comune e leggibile da dispositivo automatico e trasmetterli ad altro titolare del trattamento senza impedimenti (cd. diritto alla portabilit\u00e0 dei dati);<\/li>\n<li>opporsi al trattamento in qualsiasi momento (cd. diritto di opposizione). Si informa specificatamente, come richiesto dall\u2019art. 21 del Regolamento UE, che qualora i dati personali siano trattati per finalit\u00e0 di marketing diretto (compresa la profilazione), l&#8217;interessato ha il diritto di opporsi in qualsiasi momento al trattamento dei dati personali che lo riguardano effettuato per tali finalit\u00e0 e che qualora l&#8217;interessato si opponga al trattamento per finalit\u00e0 di marketing diretto, i dati personali non potranno pi\u00f9 essere oggetto di trattamento per tali finalit\u00e0;<\/li>\n<li>essere messo a conoscenza (con la possibilit\u00e0 di opporsi) dell\u2019esistenza di un processo decisionale automatizzato relativo alle persone fisiche, compresa la profilazione;<\/li>\n<li>revocare il consenso in qualsiasi momento senza pregiudicare la liceit\u00e0 del trattamento basata sul consenso prestato prima della revoca;<\/li>\n<li>proporre reclamo a un\u2019autorit\u00e0 di controllo (Garante per la Protezione dei Dati Personali).<\/li>\n<\/ul>\n<p>Si precisa che potrebbero esserci condizioni o limitazioni ai diritti dell\u2019interessato. Non \u00e8 quindi certo che, ad esempio, si abbia il diritto di portabilit\u00e0 dei dati in tutti i casi, ci\u00f2 dipende dalle circostanze specifiche dell&#8217;attivit\u00e0 di elaborazione.<\/p>\n<p>Altro esempio: nel caso Lei decida di opporsi al trattamento dei dati, il Titolare del trattamento ha diritto di valutare la Sua istanza, che potrebbe non essere accettata in caso di esistenza di motivi legittimi cogenti per procedere al trattamento che prevalgano sui Suoi interessi, diritti e libert\u00e0.<\/p>\n<ol start=\"10\">\n<li><strong> Modalit\u00e0 di esercizio dei diritti<\/strong><\/li>\n<\/ol>\n<p>Senza formalit\u00e0 alcuna Lei potr\u00e0 in qualsiasi momento esercitare i Suoi diritti in modo chiaro ed esplicito inviando:<\/p>\n<p>&#8211; una raccomandata A.R. alla scrivente<\/p>\n<p>&#8211; una e-mail all\u2019indirizzo albergodelbramante@gmail.com<\/p>\n<p>Oppure contattando direttamente il Titolare del trattamento al numero: +39 339 3791947.<\/p>\n<ol start=\"11\">\n<li><strong> Minori<\/strong><\/li>\n<\/ol>\n<p>Quanto offerto dal Titolare del trattamento ed oggetto del rapporto con Lei in essere non prevede l\u2019acquisizione intenzionale di informazioni personali riferite ai minori. Nel caso in cui informazioni su minori fossero involontariamente registrate, il Titolare del trattamento le canceller\u00e0 in modo tempestivo, su richiesta o segnalazione dell\u2019interessato.<\/p>\n<ol start=\"12\">\n<li><strong> Incaricati\/Autorizzati \u2013 Responsabili del trattamento<\/strong><\/li>\n<\/ol>\n<p>Di seguito le forniamo alcune informazioni che \u00e8 necessario portare alla sua conoscenza, non solo per ottemperare agli obblighi di legge, ma anche perch\u00e9 la trasparenza e la correttezza nei confronti degli Interessati \u00e8 parte fondante della nostra attivit\u00e0.<\/p>\n<p><strong><em><u>Incaricati\/Autorizzati.<\/u><\/em><\/strong> L\u2019elenco aggiornato degli incaricati\/Autorizzati al trattamento \u00e8 custodito presso la sede del Titolare del trattamento.<\/p>\n<p><strong><em><u>Responsabili del trattamento. <\/u><\/em><\/strong>Per brevit\u00e0 la lista dettagliata di tali figure \u00e8 disponibile presso la nostra sede.<\/p>\n","protected":false},"excerpt":{"rendered":"<p>Mod. ICONT \u2013 Data Agg. 04\/2025 Informativa per il trattamento dei dati personali Ai sensi dell\u2019Art. n. 13 del REGOLAMENTO EUROPEO N. 679\/2016 Gentile Interessato, BRAMANTE DA GISELDA SAS DI SIMONE BORGATTA &amp; C. in qualit\u00e0 di Titolare del trattamento dei dati ai sensi dell\u2019art. n. 13 del Regolamento Europeo n. 679\/2016 \u201cGeneral Data Protection<\/p>\n<a href=\"https:\/\/www.albergobramante.it\/de\/informativa-privacy\/\" class=\"more-link\">Read More<\/a>","protected":false},"author":1,"featured_media":0,"parent":0,"menu_order":0,"comment_status":"closed","ping_status":"closed","template":"","meta":{"footnotes":""},"class_list":["post-69607","page","type-page","status-publish","hentry"],"yoast_head":"<!-- This site is optimized with the Yoast SEO plugin v26.1.1 - https:\/\/yoast.com\/wordpress\/plugins\/seo\/ -->\n<title>Informativa Privacy - Albergo Bramante<\/title>\n<meta name=\"robots\" content=\"index, follow, max-snippet:-1, max-image-preview:large, max-video-preview:-1\" \/>\n<link rel=\"canonical\" href=\"https:\/\/www.albergobramante.it\/informativa-privacy\/\" \/>\n<meta property=\"og:locale\" content=\"de_DE\" \/>\n<meta property=\"og:type\" content=\"article\" \/>\n<meta property=\"og:title\" content=\"Informativa Privacy - Albergo Bramante\" \/>\n<meta property=\"og:description\" content=\"Mod. ICONT \u2013 Data Agg. 04\/2025 Informativa per il trattamento dei dati personali Ai sensi dell\u2019Art. n. 13 del REGOLAMENTO EUROPEO N. 679\/2016 Gentile Interessato, BRAMANTE DA GISELDA SAS DI SIMONE BORGATTA &amp; C. in qualit\u00e0 di Titolare del trattamento dei dati ai sensi dell\u2019art. n. 13 del Regolamento Europeo n. 679\/2016 \u201cGeneral Data Protection\" \/>\n<meta property=\"og:url\" content=\"https:\/\/www.albergobramante.it\/informativa-privacy\/\" \/>\n<meta property=\"og:site_name\" content=\"Albergo Bramante\" \/>\n<meta name=\"twitter:card\" content=\"summary_large_image\" \/>\n<meta name=\"twitter:label1\" content=\"Gesch\u00e4tzte Lesezeit\" \/>\n\t<meta name=\"twitter:data1\" content=\"12\u00a0Minuten\" \/>\n<script type=\"application\/ld+json\" class=\"yoast-schema-graph\">{\"@context\":\"https:\/\/schema.org\",\"@graph\":[{\"@type\":\"WebPage\",\"@id\":\"https:\/\/www.albergobramante.it\/informativa-privacy\/\",\"url\":\"https:\/\/www.albergobramante.it\/informativa-privacy\/\",\"name\":\"Informativa Privacy - Albergo Bramante\",\"isPartOf\":{\"@id\":\"https:\/\/www.albergobramante.it\/#website\"},\"datePublished\":\"2025-04-30T14:44:26+00:00\",\"breadcrumb\":{\"@id\":\"https:\/\/www.albergobramante.it\/informativa-privacy\/#breadcrumb\"},\"inLanguage\":\"de\",\"potentialAction\":[{\"@type\":\"ReadAction\",\"target\":[\"https:\/\/www.albergobramante.it\/informativa-privacy\/\"]}]},{\"@type\":\"BreadcrumbList\",\"@id\":\"https:\/\/www.albergobramante.it\/informativa-privacy\/#breadcrumb\",\"itemListElement\":[{\"@type\":\"ListItem\",\"position\":1,\"name\":\"Home\",\"item\":\"https:\/\/www.albergobramante.it\/de\/\"},{\"@type\":\"ListItem\",\"position\":2,\"name\":\"Informativa Privacy\"}]},{\"@type\":\"WebSite\",\"@id\":\"https:\/\/www.albergobramante.it\/#website\",\"url\":\"https:\/\/www.albergobramante.it\/\",\"name\":\"Albergo Bramante\",\"description\":\"\",\"potentialAction\":[{\"@type\":\"SearchAction\",\"target\":{\"@type\":\"EntryPoint\",\"urlTemplate\":\"https:\/\/www.albergobramante.it\/?s={search_term_string}\"},\"query-input\":{\"@type\":\"PropertyValueSpecification\",\"valueRequired\":true,\"valueName\":\"search_term_string\"}}],\"inLanguage\":\"de\"}]}<\/script>\n<!-- \/ Yoast SEO plugin. -->","yoast_head_json":{"title":"Informativa Privacy - Albergo Bramante","robots":{"index":"index","follow":"follow","max-snippet":"max-snippet:-1","max-image-preview":"max-image-preview:large","max-video-preview":"max-video-preview:-1"},"canonical":"https:\/\/www.albergobramante.it\/informativa-privacy\/","og_locale":"de_DE","og_type":"article","og_title":"Informativa Privacy - Albergo Bramante","og_description":"Mod. ICONT \u2013 Data Agg. 04\/2025 Informativa per il trattamento dei dati personali Ai sensi dell\u2019Art. n. 13 del REGOLAMENTO EUROPEO N. 679\/2016 Gentile Interessato, BRAMANTE DA GISELDA SAS DI SIMONE BORGATTA &amp; C. in qualit\u00e0 di Titolare del trattamento dei dati ai sensi dell\u2019art. n. 13 del Regolamento Europeo n. 679\/2016 \u201cGeneral Data Protection","og_url":"https:\/\/www.albergobramante.it\/informativa-privacy\/","og_site_name":"Albergo Bramante","twitter_card":"summary_large_image","twitter_misc":{"Gesch\u00e4tzte Lesezeit":"12\u00a0Minuten"},"schema":{"@context":"https:\/\/schema.org","@graph":[{"@type":"WebPage","@id":"https:\/\/www.albergobramante.it\/informativa-privacy\/","url":"https:\/\/www.albergobramante.it\/informativa-privacy\/","name":"Informativa Privacy - Albergo Bramante","isPartOf":{"@id":"https:\/\/www.albergobramante.it\/#website"},"datePublished":"2025-04-30T14:44:26+00:00","breadcrumb":{"@id":"https:\/\/www.albergobramante.it\/informativa-privacy\/#breadcrumb"},"inLanguage":"de","potentialAction":[{"@type":"ReadAction","target":["https:\/\/www.albergobramante.it\/informativa-privacy\/"]}]},{"@type":"BreadcrumbList","@id":"https:\/\/www.albergobramante.it\/informativa-privacy\/#breadcrumb","itemListElement":[{"@type":"ListItem","position":1,"name":"Home","item":"https:\/\/www.albergobramante.it\/de\/"},{"@type":"ListItem","position":2,"name":"Informativa Privacy"}]},{"@type":"WebSite","@id":"https:\/\/www.albergobramante.it\/#website","url":"https:\/\/www.albergobramante.it\/","name":"Albergo Bramante","description":"","potentialAction":[{"@type":"SearchAction","target":{"@type":"EntryPoint","urlTemplate":"https:\/\/www.albergobramante.it\/?s={search_term_string}"},"query-input":{"@type":"PropertyValueSpecification","valueRequired":true,"valueName":"search_term_string"}}],"inLanguage":"de"}]}},"_links":{"self":[{"href":"https:\/\/www.albergobramante.it\/de\/wp-json\/wp\/v2\/pages\/69607","targetHints":{"allow":["GET"]}}],"collection":[{"href":"https:\/\/www.albergobramante.it\/de\/wp-json\/wp\/v2\/pages"}],"about":[{"href":"https:\/\/www.albergobramante.it\/de\/wp-json\/wp\/v2\/types\/page"}],"author":[{"embeddable":true,"href":"https:\/\/www.albergobramante.it\/de\/wp-json\/wp\/v2\/users\/1"}],"replies":[{"embeddable":true,"href":"https:\/\/www.albergobramante.it\/de\/wp-json\/wp\/v2\/comments?post=69607"}],"version-history":[{"count":1,"href":"https:\/\/www.albergobramante.it\/de\/wp-json\/wp\/v2\/pages\/69607\/revisions"}],"predecessor-version":[{"id":69609,"href":"https:\/\/www.albergobramante.it\/de\/wp-json\/wp\/v2\/pages\/69607\/revisions\/69609"}],"wp:attachment":[{"href":"https:\/\/www.albergobramante.it\/de\/wp-json\/wp\/v2\/media?parent=69607"}],"curies":[{"name":"wp","href":"https:\/\/api.w.org\/{rel}","templated":true}]}}