{"id":661,"date":"2018-02-09T15:34:00","date_gmt":"2018-02-09T14:34:00","guid":{"rendered":"https:\/\/www.albergobramante.it\/das-restaurant\/"},"modified":"2018-05-18T10:32:03","modified_gmt":"2018-05-18T08:32:03","slug":"das-restaurant","status":"publish","type":"page","link":"https:\/\/www.albergobramante.it\/de\/das-restaurant\/","title":{"rendered":"Das restaurant"},"content":{"rendered":"<p>[vc_row][vc_column width=&#8221;1\/2&#8243;]<h4>Bar Osteria del Bramante<\/h4><div class=\"title-block-6\"><\/div>[vc_column_text]<\/p>\n<p class=\"p1\"><span class=\"s1\">Die Bar Osteria del Bramante steht auf dem wundersch\u00f6nen Platz von Roccaverano, inmitten der \u00dcberreste der Burg und der Bramantesischen Kirche.<\/span><\/p>\n<p class=\"p1\"><span class=\"s1\">Wir werden Sie herzlich in Empfang nehmen und Sie verw\u00f6hnen mit Men\u00fcs, welche den Jahreszeiten und mit frischen Produkten des Gebiets aus der unmittelbaren Umgebung stammen. <\/span><\/p>\n<p class=\"p1\"><span class=\"s1\">Eine einfache und echte K\u00fcche, Ausdruck der piemontesischen Tradition. Die Rezepte sind seit Generationen weitergegeben worden, und begleiten Sie zwischen Aromen und Erinnerungen, an alte und neue Geschichten mit der W\u00e4rme der echten Hausmannskost.<\/span><\/p>\n<p class=\"p1\"><span class=\"s1\">Wir erwarten Sie, mit einem Aperitif , einer gemischten Fleischplatte und K\u00e4se, sowie f\u00fcr den Kauf von lokalen Produkten, einem Robiola di Roccaverano oder einer guten Flasche Wein und nicht zuletzt mit Mittag- und\/oder Abendessen.<\/span><\/p>\n<p>Kontaktiere uns:<\/p>\n<ul>\n<li>0144 93046<\/li>\n<li>osteriadelbramante@gmail.com<\/li>\n<\/ul>\n<p>[\/vc_column_text][\/vc_column][vc_column width=&#8221;1\/2&#8243;][vc_column_text]<\/p>\n\n\t\t<div id='gallery-1' class='gallery galleryid-661 gallery-columns-2 gallery-size-thumbnail'><div class='gallery-item'><div class='gallery-icon'><a href=\"https:\/\/www.albergobramante.it\/wp-content\/uploads\/2017\/08\/Osteria-1-1.png\" data-gal=\"prettyPhoto[gallery-1]\" title=\"Osteria 1\"><img decoding=\"async\" src=\"https:\/\/www.albergobramante.it\/wp-content\/uploads\/2017\/08\/Osteria-1-1.png\" alt=\"\" \/><\/a><\/div><\/div><div class='gallery-item'><div class='gallery-icon'><a href=\"https:\/\/www.albergobramante.it\/wp-content\/uploads\/2017\/08\/Osteria-2.png\" data-gal=\"prettyPhoto[gallery-1]\" title=\"Osteria 2\"><img decoding=\"async\" src=\"https:\/\/www.albergobramante.it\/wp-content\/uploads\/2017\/08\/Osteria-2.png\" alt=\"\" \/><\/a><\/div><\/div><div class='gallery-item'><div class='gallery-icon'><a href=\"https:\/\/www.albergobramante.it\/wp-content\/uploads\/2017\/08\/Osteria-3.png\" data-gal=\"prettyPhoto[gallery-1]\" title=\"Osteria 3\"><img decoding=\"async\" src=\"https:\/\/www.albergobramante.it\/wp-content\/uploads\/2017\/08\/Osteria-3.png\" alt=\"\" \/><\/a><\/div><\/div><div class='gallery-item'><div class='gallery-icon'><a href=\"https:\/\/www.albergobramante.it\/wp-content\/uploads\/2017\/08\/Osteria-4.png\" data-gal=\"prettyPhoto[gallery-1]\" title=\"Osteria 4\"><img decoding=\"async\" src=\"https:\/\/www.albergobramante.it\/wp-content\/uploads\/2017\/08\/Osteria-4.png\" alt=\"\" \/><\/a><\/div><\/div>\n\t\t\t<br style='clear: both;' \/>\n\t\t<\/div>\n\n<p>[\/vc_column_text][\/vc_column][\/vc_row]<\/p>\n","protected":false},"excerpt":{"rendered":"<p>[vc_row][vc_column width=&#8221;1\/2&#8243;][vc_column_text] Die Bar Osteria del Bramante steht auf dem wundersch\u00f6nen Platz von Roccaverano, inmitten der \u00dcberreste der Burg und der Bramantesischen Kirche. Wir werden Sie herzlich in Empfang nehmen und Sie verw\u00f6hnen mit Men\u00fcs, welche den Jahreszeiten und mit frischen Produkten des Gebiets aus der unmittelbaren Umgebung stammen. Eine einfache und echte K\u00fcche, Ausdruck<\/p>\n<a href=\"https:\/\/www.albergobramante.it\/de\/das-restaurant\/\" class=\"more-link\">Read More<\/a>","protected":false},"author":1,"featured_media":0,"parent":0,"menu_order":0,"comment_status":"closed","ping_status":"closed","template":"","meta":{"footnotes":""},"class_list":["post-661","page","type-page","status-publish","hentry"],"yoast_head":"<!-- This site is optimized with the Yoast SEO plugin v26.1.1 - https:\/\/yoast.com\/wordpress\/plugins\/seo\/ -->\n<title>Das restaurant - Albergo Bramante<\/title>\n<meta name=\"robots\" content=\"index, follow, max-snippet:-1, max-image-preview:large, max-video-preview:-1\" \/>\n<link rel=\"canonical\" href=\"https:\/\/www.albergobramante.it\/de\/das-restaurant\/\" \/>\n<meta property=\"og:locale\" content=\"de_DE\" \/>\n<meta property=\"og:type\" content=\"article\" \/>\n<meta property=\"og:title\" content=\"Das restaurant - Albergo Bramante\" \/>\n<meta property=\"og:description\" content=\"[vc_row][vc_column width=&#8221;1\/2&#8243;][vc_column_text] Die Bar Osteria del Bramante steht auf dem wundersch\u00f6nen Platz von Roccaverano, inmitten der \u00dcberreste der Burg und der Bramantesischen Kirche. Wir werden Sie herzlich in Empfang nehmen und Sie verw\u00f6hnen mit Men\u00fcs, welche den Jahreszeiten und mit frischen Produkten des Gebiets aus der unmittelbaren Umgebung stammen. Eine einfache und echte K\u00fcche, Ausdruck\" \/>\n<meta property=\"og:url\" content=\"https:\/\/www.albergobramante.it\/de\/das-restaurant\/\" \/>\n<meta property=\"og:site_name\" content=\"Albergo Bramante\" \/>\n<meta property=\"article:modified_time\" content=\"2018-05-18T08:32:03+00:00\" \/>\n<meta name=\"twitter:card\" content=\"summary_large_image\" \/>\n<meta name=\"twitter:label1\" content=\"Gesch\u00e4tzte Lesezeit\" \/>\n\t<meta name=\"twitter:data1\" content=\"1\u00a0Minute\" \/>\n<script type=\"application\/ld+json\" class=\"yoast-schema-graph\">{\"@context\":\"https:\/\/schema.org\",\"@graph\":[{\"@type\":\"WebPage\",\"@id\":\"https:\/\/www.albergobramante.it\/de\/das-restaurant\/\",\"url\":\"https:\/\/www.albergobramante.it\/de\/das-restaurant\/\",\"name\":\"Das restaurant - Albergo Bramante\",\"isPartOf\":{\"@id\":\"https:\/\/www.albergobramante.it\/#website\"},\"datePublished\":\"2018-02-09T14:34:00+00:00\",\"dateModified\":\"2018-05-18T08:32:03+00:00\",\"breadcrumb\":{\"@id\":\"https:\/\/www.albergobramante.it\/de\/das-restaurant\/#breadcrumb\"},\"inLanguage\":\"de\",\"potentialAction\":[{\"@type\":\"ReadAction\",\"target\":[\"https:\/\/www.albergobramante.it\/de\/das-restaurant\/\"]}]},{\"@type\":\"BreadcrumbList\",\"@id\":\"https:\/\/www.albergobramante.it\/de\/das-restaurant\/#breadcrumb\",\"itemListElement\":[{\"@type\":\"ListItem\",\"position\":1,\"name\":\"Home\",\"item\":\"https:\/\/www.albergobramante.it\/de\/\"},{\"@type\":\"ListItem\",\"position\":2,\"name\":\"Das restaurant\"}]},{\"@type\":\"WebSite\",\"@id\":\"https:\/\/www.albergobramante.it\/#website\",\"url\":\"https:\/\/www.albergobramante.it\/\",\"name\":\"Albergo Bramante\",\"description\":\"\",\"potentialAction\":[{\"@type\":\"SearchAction\",\"target\":{\"@type\":\"EntryPoint\",\"urlTemplate\":\"https:\/\/www.albergobramante.it\/?s={search_term_string}\"},\"query-input\":{\"@type\":\"PropertyValueSpecification\",\"valueRequired\":true,\"valueName\":\"search_term_string\"}}],\"inLanguage\":\"de\"}]}<\/script>\n<!-- \/ Yoast SEO plugin. -->","yoast_head_json":{"title":"Das restaurant - Albergo Bramante","robots":{"index":"index","follow":"follow","max-snippet":"max-snippet:-1","max-image-preview":"max-image-preview:large","max-video-preview":"max-video-preview:-1"},"canonical":"https:\/\/www.albergobramante.it\/de\/das-restaurant\/","og_locale":"de_DE","og_type":"article","og_title":"Das restaurant - Albergo Bramante","og_description":"[vc_row][vc_column width=&#8221;1\/2&#8243;][vc_column_text] Die Bar Osteria del Bramante steht auf dem wundersch\u00f6nen Platz von Roccaverano, inmitten der \u00dcberreste der Burg und der Bramantesischen Kirche. Wir werden Sie herzlich in Empfang nehmen und Sie verw\u00f6hnen mit Men\u00fcs, welche den Jahreszeiten und mit frischen Produkten des Gebiets aus der unmittelbaren Umgebung stammen. Eine einfache und echte K\u00fcche, Ausdruck","og_url":"https:\/\/www.albergobramante.it\/de\/das-restaurant\/","og_site_name":"Albergo Bramante","article_modified_time":"2018-05-18T08:32:03+00:00","twitter_card":"summary_large_image","twitter_misc":{"Gesch\u00e4tzte Lesezeit":"1\u00a0Minute"},"schema":{"@context":"https:\/\/schema.org","@graph":[{"@type":"WebPage","@id":"https:\/\/www.albergobramante.it\/de\/das-restaurant\/","url":"https:\/\/www.albergobramante.it\/de\/das-restaurant\/","name":"Das restaurant - Albergo Bramante","isPartOf":{"@id":"https:\/\/www.albergobramante.it\/#website"},"datePublished":"2018-02-09T14:34:00+00:00","dateModified":"2018-05-18T08:32:03+00:00","breadcrumb":{"@id":"https:\/\/www.albergobramante.it\/de\/das-restaurant\/#breadcrumb"},"inLanguage":"de","potentialAction":[{"@type":"ReadAction","target":["https:\/\/www.albergobramante.it\/de\/das-restaurant\/"]}]},{"@type":"BreadcrumbList","@id":"https:\/\/www.albergobramante.it\/de\/das-restaurant\/#breadcrumb","itemListElement":[{"@type":"ListItem","position":1,"name":"Home","item":"https:\/\/www.albergobramante.it\/de\/"},{"@type":"ListItem","position":2,"name":"Das restaurant"}]},{"@type":"WebSite","@id":"https:\/\/www.albergobramante.it\/#website","url":"https:\/\/www.albergobramante.it\/","name":"Albergo Bramante","description":"","potentialAction":[{"@type":"SearchAction","target":{"@type":"EntryPoint","urlTemplate":"https:\/\/www.albergobramante.it\/?s={search_term_string}"},"query-input":{"@type":"PropertyValueSpecification","valueRequired":true,"valueName":"search_term_string"}}],"inLanguage":"de"}]}},"_links":{"self":[{"href":"https:\/\/www.albergobramante.it\/de\/wp-json\/wp\/v2\/pages\/661","targetHints":{"allow":["GET"]}}],"collection":[{"href":"https:\/\/www.albergobramante.it\/de\/wp-json\/wp\/v2\/pages"}],"about":[{"href":"https:\/\/www.albergobramante.it\/de\/wp-json\/wp\/v2\/types\/page"}],"author":[{"embeddable":true,"href":"https:\/\/www.albergobramante.it\/de\/wp-json\/wp\/v2\/users\/1"}],"replies":[{"embeddable":true,"href":"https:\/\/www.albergobramante.it\/de\/wp-json\/wp\/v2\/comments?post=661"}],"version-history":[{"count":6,"href":"https:\/\/www.albergobramante.it\/de\/wp-json\/wp\/v2\/pages\/661\/revisions"}],"predecessor-version":[{"id":1508,"href":"https:\/\/www.albergobramante.it\/de\/wp-json\/wp\/v2\/pages\/661\/revisions\/1508"}],"wp:attachment":[{"href":"https:\/\/www.albergobramante.it\/de\/wp-json\/wp\/v2\/media?parent=661"}],"curies":[{"name":"wp","href":"https:\/\/api.w.org\/{rel}","templated":true}]}}